{"id":153,"date":"2024-05-02T17:53:45","date_gmt":"2024-05-02T17:53:45","guid":{"rendered":"https:\/\/zcolchon.com\/tempocontratistas\/?post_type=product&#038;p=153"},"modified":"2024-08-08T01:03:27","modified_gmt":"2024-08-08T01:03:27","slug":"suspension-negra-ckm","status":"publish","type":"product","link":"https:\/\/zcolchon.com\/tempocontratistas\/producto\/suspension-negra-ckm\/","title":{"rendered":"Suspension Negra CKM"},"content":{"rendered":"<p>Los cielo rasos modulares est\u00e1n compuestos por un entramado de perfiles met\u00e1licos que se cuelgan directamente del techo y estos perfiles a su vez sostienen a las baldosas. Los perfiles met\u00e1licos llamados tambi\u00e9n suspensiones met\u00e1licas 15\/16&#8243;.<\/p>\n<p><a class=\"elementor-button elementor-button-link elementor-size-sm\" href=\"https:\/\/www.tempocontratistas.com\/pdf\/2017-06-28-18-06-40-FICHA%20TECNICA%20SUSPENSION%20CKM.pdf\" target=\"_blank\" rel=\"noopener\"><span class=\"elementor-button-content-wrapper\"><span class=\"elementor-button-text\">Ver Ficha T\u00e9cnica<\/span><\/span><\/a><\/p>\n","protected":false},"excerpt":{"rendered":"<p>Los cielo rasos modulares est\u00e1n compuestos por un entramado de perfiles met\u00e1licos que se cuelgan directamente del techo y estos perfiles a su vez sostienen a las baldosas. Los perfiles met\u00e1licos llamados tambi\u00e9n suspensiones met\u00e1licas 15\/16&#8243;. Ver Ficha T\u00e9cnica<\/p>\n","protected":false},"featured_media":154,"comment_status":"closed","ping_status":"closed","template":"","meta":{"_joinchat":[]},"product_brand":[],"product_cat":[24],"product_tag":[],"class_list":{"0":"post-153","1":"product","2":"type-product","3":"status-publish","4":"has-post-thumbnail","6":"product_cat-cielorrasos-negros","8":"first","9":"instock","10":"featured","11":"shipping-taxable","12":"product-type-simple"},"_links":{"self":[{"href":"https:\/\/zcolchon.com\/tempocontratistas\/wp-json\/wp\/v2\/product\/153","targetHints":{"allow":["GET"]}}],"collection":[{"href":"https:\/\/zcolchon.com\/tempocontratistas\/wp-json\/wp\/v2\/product"}],"about":[{"href":"https:\/\/zcolchon.com\/tempocontratistas\/wp-json\/wp\/v2\/types\/product"}],"replies":[{"embeddable":true,"href":"https:\/\/zcolchon.com\/tempocontratistas\/wp-json\/wp\/v2\/comments?post=153"}],"wp:featuredmedia":[{"embeddable":true,"href":"https:\/\/zcolchon.com\/tempocontratistas\/wp-json\/wp\/v2\/media\/154"}],"wp:attachment":[{"href":"https:\/\/zcolchon.com\/tempocontratistas\/wp-json\/wp\/v2\/media?parent=153"}],"wp:term":[{"taxonomy":"product_brand","embeddable":true,"href":"https:\/\/zcolchon.com\/tempocontratistas\/wp-json\/wp\/v2\/product_brand?post=153"},{"taxonomy":"product_cat","embeddable":true,"href":"https:\/\/zcolchon.com\/tempocontratistas\/wp-json\/wp\/v2\/product_cat?post=153"},{"taxonomy":"product_tag","embeddable":true,"href":"https:\/\/zcolchon.com\/tempocontratistas\/wp-json\/wp\/v2\/product_tag?post=153"}],"curies":[{"name":"wp","href":"https:\/\/api.w.org\/{rel}","templated":true}]}}