{"id":157,"date":"2024-05-02T18:03:53","date_gmt":"2024-05-02T18:03:53","guid":{"rendered":"https:\/\/zcolchon.com\/tempocontratistas\/?post_type=product&#038;p=157"},"modified":"2024-10-08T16:19:49","modified_gmt":"2024-10-08T16:19:49","slug":"colchonetas-de-lana-de-vidrio-fiberglass","status":"publish","type":"product","link":"https:\/\/zcolchon.com\/tempocontratistas\/producto\/colchonetas-de-lana-de-vidrio-fiberglass\/","title":{"rendered":"Colchonetas De Lana De Vidrio FIBERGLASS"},"content":{"rendered":"<p>Aislamiento ac\u00fastico y t\u00e9rmico, dise\u00f1ado para controlar el ruido y la temperatura de los espacios, logrando as\u00ed el mismo confort en \u00e1reas residenciales, comerciales e industriales.<\/p>\n<p><a class=\"elementor-button elementor-button-link elementor-size-sm\" href=\"https:\/\/www.tempocontratistas.com\/pdf\/2017-07-11-17-42-28-FICHA%20TECNICA%20FRESCASA.pdf\" target=\"_blank\" rel=\"noopener\"><span class=\"elementor-button-content-wrapper\"><span class=\"elementor-button-text\">Ver Ficha T\u00e9cnica<\/span><\/span><\/a><\/p>\n","protected":false},"excerpt":{"rendered":"<p>Aislamiento ac\u00fastico y t\u00e9rmico, dise\u00f1ado para controlar el ruido y la temperatura de los espacios, logrando as\u00ed el mismo confort en \u00e1reas residenciales, comerciales e industriales. Ver Ficha T\u00e9cnica<\/p>\n","protected":false},"featured_media":158,"comment_status":"closed","ping_status":"closed","template":"","meta":{"_joinchat":[]},"product_brand":[],"product_cat":[26,23],"product_tag":[],"class_list":{"0":"post-157","1":"product","2":"type-product","3":"status-publish","4":"has-post-thumbnail","6":"product_cat-aislamiento-de-coberturas-m-b-i","7":"product_cat-paneles-y-baldosas-de-lana-de-vidrio","9":"first","10":"instock","11":"shipping-taxable","12":"product-type-simple"},"_links":{"self":[{"href":"https:\/\/zcolchon.com\/tempocontratistas\/wp-json\/wp\/v2\/product\/157","targetHints":{"allow":["GET"]}}],"collection":[{"href":"https:\/\/zcolchon.com\/tempocontratistas\/wp-json\/wp\/v2\/product"}],"about":[{"href":"https:\/\/zcolchon.com\/tempocontratistas\/wp-json\/wp\/v2\/types\/product"}],"replies":[{"embeddable":true,"href":"https:\/\/zcolchon.com\/tempocontratistas\/wp-json\/wp\/v2\/comments?post=157"}],"wp:featuredmedia":[{"embeddable":true,"href":"https:\/\/zcolchon.com\/tempocontratistas\/wp-json\/wp\/v2\/media\/158"}],"wp:attachment":[{"href":"https:\/\/zcolchon.com\/tempocontratistas\/wp-json\/wp\/v2\/media?parent=157"}],"wp:term":[{"taxonomy":"product_brand","embeddable":true,"href":"https:\/\/zcolchon.com\/tempocontratistas\/wp-json\/wp\/v2\/product_brand?post=157"},{"taxonomy":"product_cat","embeddable":true,"href":"https:\/\/zcolchon.com\/tempocontratistas\/wp-json\/wp\/v2\/product_cat?post=157"},{"taxonomy":"product_tag","embeddable":true,"href":"https:\/\/zcolchon.com\/tempocontratistas\/wp-json\/wp\/v2\/product_tag?post=157"}],"curies":[{"name":"wp","href":"https:\/\/api.w.org\/{rel}","templated":true}]}}