{"id":169,"date":"2024-05-02T18:15:23","date_gmt":"2024-05-02T18:15:23","guid":{"rendered":"https:\/\/zcolchon.com\/tempocontratistas\/?post_type=product&#038;p=169"},"modified":"2024-08-08T01:34:46","modified_gmt":"2024-08-08T01:34:46","slug":"baldosa-acustica-de-lana-de-vidrio","status":"publish","type":"product","link":"https:\/\/zcolchon.com\/tempocontratistas\/producto\/baldosa-acustica-de-lana-de-vidrio\/","title":{"rendered":"Baldosa Acustica De Lana De Vidrio"},"content":{"rendered":"<p>Cielo raso en fibra de vidrio con funciones de acondicionamiento ac\u00fastico y t\u00e9rmico, compuesto por una l\u00e1mina r\u00edgida de fibra de vidrio recubierta en una de sus caras por una pel\u00edcula de PVC.<\/p>\n<p><a class=\"elementor-button elementor-button-link elementor-size-sm\" href=\"https:\/\/www.tempocontratistas.com\/pdf\/2017-07-11-18-38-07-a.pdf\" target=\"_blank\" rel=\"noopener\"><span class=\"elementor-button-content-wrapper\"><span class=\"elementor-button-text\">Ver Ficha T\u00e9cnica<\/span><\/span><\/a><\/p>\n","protected":false},"excerpt":{"rendered":"<p>Cielo raso en fibra de vidrio con funciones de acondicionamiento ac\u00fastico y t\u00e9rmico, compuesto por una l\u00e1mina r\u00edgida de fibra de vidrio recubierta en una de sus caras por una pel\u00edcula de PVC. Ver Ficha T\u00e9cnica<\/p>\n","protected":false},"featured_media":170,"comment_status":"closed","ping_status":"closed","template":"","meta":{"_joinchat":[]},"product_brand":[],"product_cat":[23],"product_tag":[],"class_list":{"0":"post-169","1":"product","2":"type-product","3":"status-publish","4":"has-post-thumbnail","6":"product_cat-paneles-y-baldosas-de-lana-de-vidrio","8":"first","9":"instock","10":"featured","11":"shipping-taxable","12":"product-type-simple"},"_links":{"self":[{"href":"https:\/\/zcolchon.com\/tempocontratistas\/wp-json\/wp\/v2\/product\/169","targetHints":{"allow":["GET"]}}],"collection":[{"href":"https:\/\/zcolchon.com\/tempocontratistas\/wp-json\/wp\/v2\/product"}],"about":[{"href":"https:\/\/zcolchon.com\/tempocontratistas\/wp-json\/wp\/v2\/types\/product"}],"replies":[{"embeddable":true,"href":"https:\/\/zcolchon.com\/tempocontratistas\/wp-json\/wp\/v2\/comments?post=169"}],"wp:featuredmedia":[{"embeddable":true,"href":"https:\/\/zcolchon.com\/tempocontratistas\/wp-json\/wp\/v2\/media\/170"}],"wp:attachment":[{"href":"https:\/\/zcolchon.com\/tempocontratistas\/wp-json\/wp\/v2\/media?parent=169"}],"wp:term":[{"taxonomy":"product_brand","embeddable":true,"href":"https:\/\/zcolchon.com\/tempocontratistas\/wp-json\/wp\/v2\/product_brand?post=169"},{"taxonomy":"product_cat","embeddable":true,"href":"https:\/\/zcolchon.com\/tempocontratistas\/wp-json\/wp\/v2\/product_cat?post=169"},{"taxonomy":"product_tag","embeddable":true,"href":"https:\/\/zcolchon.com\/tempocontratistas\/wp-json\/wp\/v2\/product_tag?post=169"}],"curies":[{"name":"wp","href":"https:\/\/api.w.org\/{rel}","templated":true}]}}