{"id":172,"date":"2024-05-02T18:25:56","date_gmt":"2024-05-02T18:25:56","guid":{"rendered":"https:\/\/zcolchon.com\/tempocontratistas\/?post_type=product&#038;p=172"},"modified":"2024-08-08T02:07:55","modified_gmt":"2024-08-08T02:07:55","slug":"mantos-asfalticos-fiberglass","status":"publish","type":"product","link":"https:\/\/zcolchon.com\/tempocontratistas\/producto\/mantos-asfalticos-fiberglass\/","title":{"rendered":"Mantos Asf\u00e1lticos &#8211; Fiberglass"},"content":{"rendered":"<p>Manto Impermeabilizante en forma de l\u00e1mina enrollada, compuesto por asfaltos modificados con pol\u00edmeros. Se cuenta con la siguiente gama de productos : &#8211; Mantos en P\u00f3liester &#8211; Mantos Autoprotegidos &#8211; Mantos en Fibra de Vidrio &#8211; Productos Complementarios.<\/p>\n<p><a class=\"elementor-button elementor-button-link elementor-size-sm\" href=\"\" target=\"\" rel=\"noopener\"><span class=\"elementor-button-content-wrapper\"><span class=\"elementor-button-text\">Ver Ficha T\u00e9cnica<\/span><\/span><\/a><\/p>\n","protected":false},"excerpt":{"rendered":"<p>Manto Impermeabilizante en forma de l\u00e1mina enrollada, compuesto por asfaltos modificados con pol\u00edmeros. Se cuenta con la siguiente gama de productos : &#8211; Mantos en P\u00f3liester &#8211; Mantos Autoprotegidos &#8211; Mantos en Fibra de Vidrio &#8211; Productos Complementarios. Ver Ficha T\u00e9cnica<\/p>\n","protected":false},"featured_media":173,"comment_status":"closed","ping_status":"closed","template":"","meta":{"_joinchat":[]},"product_brand":[],"product_cat":[28],"product_tag":[],"class_list":{"0":"post-172","1":"product","2":"type-product","3":"status-publish","4":"has-post-thumbnail","6":"product_cat-otros","8":"first","9":"instock","10":"shipping-taxable","11":"product-type-simple"},"_links":{"self":[{"href":"https:\/\/zcolchon.com\/tempocontratistas\/wp-json\/wp\/v2\/product\/172","targetHints":{"allow":["GET"]}}],"collection":[{"href":"https:\/\/zcolchon.com\/tempocontratistas\/wp-json\/wp\/v2\/product"}],"about":[{"href":"https:\/\/zcolchon.com\/tempocontratistas\/wp-json\/wp\/v2\/types\/product"}],"replies":[{"embeddable":true,"href":"https:\/\/zcolchon.com\/tempocontratistas\/wp-json\/wp\/v2\/comments?post=172"}],"wp:featuredmedia":[{"embeddable":true,"href":"https:\/\/zcolchon.com\/tempocontratistas\/wp-json\/wp\/v2\/media\/173"}],"wp:attachment":[{"href":"https:\/\/zcolchon.com\/tempocontratistas\/wp-json\/wp\/v2\/media?parent=172"}],"wp:term":[{"taxonomy":"product_brand","embeddable":true,"href":"https:\/\/zcolchon.com\/tempocontratistas\/wp-json\/wp\/v2\/product_brand?post=172"},{"taxonomy":"product_cat","embeddable":true,"href":"https:\/\/zcolchon.com\/tempocontratistas\/wp-json\/wp\/v2\/product_cat?post=172"},{"taxonomy":"product_tag","embeddable":true,"href":"https:\/\/zcolchon.com\/tempocontratistas\/wp-json\/wp\/v2\/product_tag?post=172"}],"curies":[{"name":"wp","href":"https:\/\/api.w.org\/{rel}","templated":true}]}}