{"id":177,"date":"2024-05-02T18:33:59","date_gmt":"2024-05-02T18:33:59","guid":{"rendered":"https:\/\/zcolchon.com\/tempocontratistas\/?post_type=product&#038;p=177"},"modified":"2024-08-08T02:13:03","modified_gmt":"2024-08-08T02:13:03","slug":"sello-acustico-cortafuego","status":"publish","type":"product","link":"https:\/\/zcolchon.com\/tempocontratistas\/producto\/sello-acustico-cortafuego\/","title":{"rendered":"Sello Acustico Cortafuego"},"content":{"rendered":"<p>Sellador de alta calidad de latex acr\u00edlico dise\u00f1ad para el sellado de penetraciones tales como tuber\u00edas, canalizaciones, cableado, distribuci\u00f3n de potencia, aberturas.<\/p>\n<p><a class=\"elementor-button elementor-button-link elementor-size-sm\" href=\"https:\/\/www.tempocontratistas.com\/pdf\/2017-07-11-18-45-58-PDS_SNS%20Smoke%20n%20Sound%20Sealant.pdf\" target=\"_blank\" rel=\"noopener\"><span class=\"elementor-button-content-wrapper\"><span class=\"elementor-button-text\">Ver Ficha T\u00e9cnica<\/span><\/span><\/a><\/p>\n","protected":false},"excerpt":{"rendered":"<p>Sellador de alta calidad de latex acr\u00edlico dise\u00f1ad para el sellado de penetraciones tales como tuber\u00edas, canalizaciones, cableado, distribuci\u00f3n de potencia, aberturas. Ver Ficha T\u00e9cnica<\/p>\n","protected":false},"featured_media":178,"comment_status":"closed","ping_status":"closed","template":"","meta":{"_joinchat":[]},"product_brand":[],"product_cat":[25],"product_tag":[],"class_list":{"0":"post-177","1":"product","2":"type-product","3":"status-publish","4":"has-post-thumbnail","6":"product_cat-sellos-acusticos","8":"first","9":"instock","10":"shipping-taxable","11":"product-type-simple"},"_links":{"self":[{"href":"https:\/\/zcolchon.com\/tempocontratistas\/wp-json\/wp\/v2\/product\/177","targetHints":{"allow":["GET"]}}],"collection":[{"href":"https:\/\/zcolchon.com\/tempocontratistas\/wp-json\/wp\/v2\/product"}],"about":[{"href":"https:\/\/zcolchon.com\/tempocontratistas\/wp-json\/wp\/v2\/types\/product"}],"replies":[{"embeddable":true,"href":"https:\/\/zcolchon.com\/tempocontratistas\/wp-json\/wp\/v2\/comments?post=177"}],"wp:featuredmedia":[{"embeddable":true,"href":"https:\/\/zcolchon.com\/tempocontratistas\/wp-json\/wp\/v2\/media\/178"}],"wp:attachment":[{"href":"https:\/\/zcolchon.com\/tempocontratistas\/wp-json\/wp\/v2\/media?parent=177"}],"wp:term":[{"taxonomy":"product_brand","embeddable":true,"href":"https:\/\/zcolchon.com\/tempocontratistas\/wp-json\/wp\/v2\/product_brand?post=177"},{"taxonomy":"product_cat","embeddable":true,"href":"https:\/\/zcolchon.com\/tempocontratistas\/wp-json\/wp\/v2\/product_cat?post=177"},{"taxonomy":"product_tag","embeddable":true,"href":"https:\/\/zcolchon.com\/tempocontratistas\/wp-json\/wp\/v2\/product_tag?post=177"}],"curies":[{"name":"wp","href":"https:\/\/api.w.org\/{rel}","templated":true}]}}